{"id":2514,"date":"2024-04-10T15:37:48","date_gmt":"2024-04-10T13:37:48","guid":{"rendered":"https:\/\/checksgum.com\/?page_id=2514"},"modified":"2024-09-13T11:41:32","modified_gmt":"2024-09-13T09:41:32","slug":"aviso-legal","status":"publish","type":"page","link":"https:\/\/checksgum.com\/es\/aviso-legal\/","title":{"rendered":"Aviso Legal"},"content":{"rendered":"<h1>Aviso Legal<\/h1>\n<p>&nbsp;<\/p>\n<p><span style=\"font-weight: 300;\">CHIC-KLES GUM, con CIF B98129158, titular de la p\u00e1gina web https:\/\/checksgum.com\/, inscrito en el Registro Mercantil de Valencia, al Tomo 9024, Libro 6309 Folio 101, Hoja V-133576, Inscripci\u00f3n 1 en cumplimiento de lo dispuesto en la Ley 34\/2002, de 11 de julio, de Servicios de la Sociedad de la Informaci\u00f3n y de Comercio Electr\u00f3nico (LSSICE) y de conformidad con lo dispuesto en las normativas vigentes en protecci\u00f3n de datos personales, el Reglamento (UE) 2016\/679 de 27 de abril de 2016 (RGPD) y la Ley Org\u00e1nica de Protecci\u00f3n de Datos 3\/2018 de 5 de diciembre (LOPDGDD) presenta los siguientes:<\/span><\/p>\n<h3><strong>DATOS IDENTIFICATIVOS<\/strong><\/h3>\n<p><strong>Domicilio fiscal:<\/strong><span style=\"font-weight: 300;\"> Pol. Ind. el Oliveral, 6, 46394, Riba-Roja (Valencia)<\/span><\/p>\n<p><strong>Tel\u00e9fono de contacto:<\/strong><span style=\"font-weight: 300;\"> 961 66 79 80.<\/span><\/p>\n<p><strong>Correo electr\u00f3nico:<\/strong><span style=\"font-weight: 300;\"> info@chic-kles.com<\/span><\/p>\n<h3><strong>CONDICIONES Y USO DE LA WEB<\/strong><\/h3>\n<p><span style=\"font-weight: 300;\">La prestaci\u00f3n de los servicios por parte de CHIC-KLES GUM, tiene car\u00e1cter gratuito para todos los usuarios y usuarias.<\/span><\/p>\n<p><span style=\"font-weight: 300;\">Con car\u00e1cter general la prestaci\u00f3n de los servicios no exige la previa suscripci\u00f3n o registro de los usuarios y usuarias.\u00a0<\/span><\/p>\n<p><span style=\"font-weight: 300;\">En aquellos casos en los que la prestaci\u00f3n del mismo se condicione a la previa complementaci\u00f3n del correspondiente registro de usuario\/a, \u00e9ste se efectuar\u00e1 en la forma expresamente indicada en la propia secci\u00f3n del servicio.<\/span><\/p>\n<p><span style=\"font-weight: 300;\">El\/La usuario\/a garantiza la autenticidad y veracidad de los datos comunicados a trav\u00e9s de los formularios para la suscripci\u00f3n de los servicios. Ser\u00e1 responsabilidad de este\/a mantener toda la informaci\u00f3n facilitada permanentemente actualizada de forma que responda, en cada momento, a su situaci\u00f3n real. En todo caso, el\/la usuario\/a ser\u00e1 el \u00fanico\/a responsable de las manifestaciones falsas o inexactas que realice y de los perjuicios que cause al prestador o a terceros.<\/span><\/p>\n<h3><strong>PROPIEDAD INTELECTUAL E INDUSTRIAL<\/strong><\/h3>\n<p><span style=\"font-weight: 300;\">Los contenidos de toda \u00edndole incluidos en la p\u00e1gina web https:\/\/checksgum.com\/, incluyendo, a t\u00edtulo meramente enunciativo, las im\u00e1genes. Ilustraciones, fotograf\u00edas, textos, marcas, logotipos o dise\u00f1os, son propiedad de CHIC-KLES GUM y\/o de otros colaboradores leg\u00edtimos que han concedido a \u00e9sta los correspondientes derechos de uso. Cualquier uso total o parcial de los contenidos del portal consistente en la reproducci\u00f3n, distribuci\u00f3n, comunicaci\u00f3n p\u00fablica en cualquier modalidad y por cualquier medio est\u00e1 estrictamente prohibida, salvo autorizaci\u00f3n expresa y por escrito de CHIC-KLES GUM.<\/span><\/p>\n<h3><strong>EXCLUSI\u00d3N DE GARANT\u00cdAS Y RESPONSABILIDAD\u00a0<\/strong><\/h3>\n<p><span style=\"font-weight: 300;\">CHIC-KLES GUM, no se hace responsable de la legalidad de otros sitios web de terceros desde los que pueda accederse al portal ni tampoco responde por la legalidad de otros sitios web de terceros, que pudieran estar vinculados o enlazados desde este portal.\u00a0<\/span><\/p>\n<p><span style=\"font-weight: 300;\">De la misma manera, no se hace responsable del uso que terceros hagan de la informaci\u00f3n publicada en el portal, ni de los da\u00f1os y perjuicios de cualquier naturaleza que puedan producir por el uso de dicha informaci\u00f3n.<\/span><\/p>\n<p><span style=\"font-weight: 300;\">La entidad se reserva el derecho de retirar todos aquellos comentarios y aportaciones que vulneren el respeto a la dignidad de la persona, que sean discriminatorios, xen\u00f3fobos, racistas, pornogr\u00e1ficos, que atenten contra la juventud o la infancia, el orden o la seguridad p\u00fablica o que, a su criterio, no resultaran adecuados para su publicaci\u00f3n. En cualquier caso, la misma no ser\u00e1 responsable de las opiniones manifestadas por los usuarios\/as a trav\u00e9s de los foros, chats, u otras herramientas.<\/span><\/p>\n<p><span style=\"font-weight: 300;\">El\/La usuario\/a se compromete a hacer un uso adecuado de los contenidos y servicios que la entidad ofrece a trav\u00e9s de su p\u00e1gina web.\u00a0<\/span><\/p>\n<h3><strong>MODIFICACI\u00d3N DE LOS CONTENIDOS<\/strong><\/h3>\n<p><span style=\"font-weight: 300;\">CHIC-KLES GUM, se reserva el derecho de realizar en el portal, sin previo aviso, las modificaciones o actualizaciones que considere.<\/span><\/p>\n<h3><strong>ENLACES<\/strong><\/h3>\n<p><span style=\"font-weight: 300;\">En el caso de que en el portal, se dispusiesen enlaces o hiperv\u00ednculos a otros sitios de Internet, CHIC-KLES GUM, no ejercer\u00e1 ning\u00fan tipo de control sobre dichos sitios y contenidos. CHIC-KLES GUM, no asumir\u00e1 responsabilidad alguna por los contenidos de alg\u00fan enlace perteneciente a un sitio web ajeno, ni garantizar\u00e1 la disponibilidad t\u00e9cnica, calidad, fiabilidad, exactitud, amplitud, veracidad, validez y constitucionalidad de cualquier material o informaci\u00f3n contenida en ninguno de dichos hiperv\u00ednculos u otros sitios de Internet.<\/span><\/p>\n<h3><strong>COOKIES<\/strong><\/h3>\n<p><span style=\"font-weight: 300;\">CHIC-KLES GUM, utilizar\u00e1 cookies para el correcto funcionamiento de la p\u00e1gina web. Si desea m\u00e1s informaci\u00f3n acerca de qu\u00e9 es una cookie, el tipo de cookies que usa la p\u00e1gina web y con qu\u00e9 finalidad, acceda a nuestra <a href=\"https:\/\/checksgum.com\/es\/politica-de-cookies\/\">Pol\u00edtica de cookies<\/a>.\u00a0<\/span><\/p>\n<h3><strong>PROTECCI\u00d3N DE DATOS<\/strong><\/h3>\n<p><span style=\"font-weight: 300;\">La entidad cumple con lo indicado en la Ley Org\u00e1nica 3\/2018, de 5 de diciembre, de Protecci\u00f3n de Datos Personales y garant\u00eda de los derechos digitales y el Reglamento (UE) 2016\/679 del Parlamento Europeo y del Consejo de 27 de abril de 2016 y dem\u00e1s normativa vigente, relativo al tratamiento de los datos personales del usuario\/a. Para conocer m\u00e1s informaci\u00f3n acerca de c\u00f3mo tratamos sus datos personales, acceda a nuestra <a href=\"https:\/\/checksgum.com\/es\/politica-de-privacidad\/\">Pol\u00edtica de Privacidad<\/a>.<\/span><\/p>\n<h3><strong>MENORES DE EDAD<\/strong><\/h3>\n<p><span style=\"font-weight: 300;\">Le informamos de que el portal, dirige sus servicios a mayores de 18 a\u00f1os.\u00a0<\/span><\/p>\n<p><span style=\"font-weight: 300;\">La responsabilidad en la determinaci\u00f3n de contenidos concretos a los cuales acceden los menores corresponde los padres o tutores legales.\u00a0<\/span><\/p>\n<h3><strong>MODIFICACI\u00d3N DE LAS PRESENTES CONDICIONES Y DURACI\u00d3N<\/strong><\/h3>\n<p><span style=\"font-weight: 300;\">CHIC-KLES GUM, podr\u00e1 modificar en cualquier momento las condiciones expuestas en la p\u00e1gina web.\u00a0<\/span><\/p>\n<p><span style=\"font-weight: 300;\">La vigencia de las citadas condiciones ir\u00e1 en funci\u00f3n de su exposici\u00f3n y estar\u00e1n vigentes hasta que sean modificadas por otras.<\/span><\/p>\n<h3><strong>LEGISLACI\u00d3N APLICABLE Y JURISDICCI\u00d3N<\/strong><\/h3>\n<p><span style=\"font-weight: 300;\">Para la resoluci\u00f3n de las controversias o cuestiones relacionadas con la presente p\u00e1gina web que puedan surgir entre la entidad y el\/la usuario\/a, ser\u00e1 de aplicaci\u00f3n la legislaci\u00f3n espa\u00f1ola, a la que se someten expresamente las partes, siendo competentes para la resoluci\u00f3n de todos los conflictos derivados o relacionados con su uso los Juzgados y Tribunales de Valencia.<\/span><\/p>\n<p>&nbsp;<\/p>\n<p>&nbsp;<\/p>\n","protected":false},"excerpt":{"rendered":"<p>Aviso Legal &nbsp; CHIC-KLES GUM, con CIF B98129158, titular de la p\u00e1gina web https:\/\/checksgum.com\/, inscrito en el Registro Mercantil de Valencia, al Tomo 9024, Libro 6309 Folio 101, Hoja V-133576,&#8230;<\/p>\n","protected":false},"author":5,"featured_media":0,"parent":0,"menu_order":0,"comment_status":"closed","ping_status":"closed","template":"","meta":{"footnotes":""},"class_list":["post-2514","page","type-page","status-publish"],"yoast_head":"<!-- This site is optimized with the Yoast SEO plugin v27.4 - https:\/\/yoast.com\/product\/yoast-seo-wordpress\/ -->\n<title>Aviso Legal - CHECK&#039;S<\/title>\n<meta name=\"robots\" content=\"index, follow, max-snippet:-1, max-image-preview:large, max-video-preview:-1\" \/>\n<link rel=\"canonical\" href=\"https:\/\/checksgum.com\/es\/aviso-legal\/\" \/>\n<meta property=\"og:locale\" content=\"es_ES\" \/>\n<meta property=\"og:type\" content=\"article\" \/>\n<meta property=\"og:title\" content=\"Aviso Legal - CHECK&#039;S\" \/>\n<meta property=\"og:description\" content=\"Aviso Legal &nbsp; CHIC-KLES GUM, con CIF B98129158, titular de la p\u00e1gina web https:\/\/checksgum.com\/, inscrito en el Registro Mercantil de Valencia, al Tomo 9024, Libro 6309 Folio 101, Hoja V-133576,...\" \/>\n<meta property=\"og:url\" content=\"https:\/\/checksgum.com\/es\/aviso-legal\/\" \/>\n<meta property=\"og:site_name\" content=\"CHECK&#039;S\" \/>\n<meta property=\"article:publisher\" content=\"https:\/\/www.facebook.com\/checksgum\" \/>\n<meta property=\"article:modified_time\" content=\"2024-09-13T09:41:32+00:00\" \/>\n<meta name=\"twitter:card\" content=\"summary_large_image\" \/>\n<meta name=\"twitter:label1\" content=\"Tiempo de lectura\" \/>\n\t<meta name=\"twitter:data1\" content=\"4 minutos\" \/>\n<script type=\"application\/ld+json\" class=\"yoast-schema-graph\">{\"@context\":\"https:\\\/\\\/schema.org\",\"@graph\":[{\"@type\":\"WebPage\",\"@id\":\"https:\\\/\\\/checksgum.com\\\/es\\\/aviso-legal\\\/\",\"url\":\"https:\\\/\\\/checksgum.com\\\/es\\\/aviso-legal\\\/\",\"name\":\"Aviso Legal - CHECK&#039;S\",\"isPartOf\":{\"@id\":\"https:\\\/\\\/checksgum.com\\\/#website\"},\"datePublished\":\"2024-04-10T13:37:48+00:00\",\"dateModified\":\"2024-09-13T09:41:32+00:00\",\"breadcrumb\":{\"@id\":\"https:\\\/\\\/checksgum.com\\\/es\\\/aviso-legal\\\/#breadcrumb\"},\"inLanguage\":\"es\",\"potentialAction\":[{\"@type\":\"ReadAction\",\"target\":[\"https:\\\/\\\/checksgum.com\\\/es\\\/aviso-legal\\\/\"]}]},{\"@type\":\"BreadcrumbList\",\"@id\":\"https:\\\/\\\/checksgum.com\\\/es\\\/aviso-legal\\\/#breadcrumb\",\"itemListElement\":[{\"@type\":\"ListItem\",\"position\":1,\"name\":\"Home\",\"item\":\"https:\\\/\\\/checksgum.com\\\/es\\\/\"},{\"@type\":\"ListItem\",\"position\":2,\"name\":\"Aviso Legal\"}]},{\"@type\":\"WebSite\",\"@id\":\"https:\\\/\\\/checksgum.com\\\/#website\",\"url\":\"https:\\\/\\\/checksgum.com\\\/\",\"name\":\"CHECK'S\",\"description\":\"\",\"publisher\":{\"@id\":\"https:\\\/\\\/checksgum.com\\\/#organization\"},\"potentialAction\":[{\"@type\":\"SearchAction\",\"target\":{\"@type\":\"EntryPoint\",\"urlTemplate\":\"https:\\\/\\\/checksgum.com\\\/?s={search_term_string}\"},\"query-input\":{\"@type\":\"PropertyValueSpecification\",\"valueRequired\":true,\"valueName\":\"search_term_string\"}}],\"inLanguage\":\"es\"},{\"@type\":\"Organization\",\"@id\":\"https:\\\/\\\/checksgum.com\\\/#organization\",\"name\":\"CHECK'S\",\"url\":\"https:\\\/\\\/checksgum.com\\\/\",\"logo\":{\"@type\":\"ImageObject\",\"inLanguage\":\"es\",\"@id\":\"https:\\\/\\\/checksgum.com\\\/#\\\/schema\\\/logo\\\/image\\\/\",\"url\":\"https:\\\/\\\/checksgum.com\\\/wp-content\\\/uploads\\\/2024\\\/04\\\/logo-checks.png\",\"contentUrl\":\"https:\\\/\\\/checksgum.com\\\/wp-content\\\/uploads\\\/2024\\\/04\\\/logo-checks.png\",\"width\":350,\"height\":100,\"caption\":\"CHECK'S\"},\"image\":{\"@id\":\"https:\\\/\\\/checksgum.com\\\/#\\\/schema\\\/logo\\\/image\\\/\"},\"sameAs\":[\"https:\\\/\\\/www.facebook.com\\\/checksgum\",\"https:\\\/\\\/www.youtube.com\\\/@ChecksGum\",\"https:\\\/\\\/www.tiktok.com\\\/@checksgum\",\"https:\\\/\\\/www.instagram.com\\\/checksgum\\\/\"]}]}<\/script>\n<!-- \/ Yoast SEO plugin. -->","yoast_head_json":{"title":"Aviso Legal - CHECK&#039;S","robots":{"index":"index","follow":"follow","max-snippet":"max-snippet:-1","max-image-preview":"max-image-preview:large","max-video-preview":"max-video-preview:-1"},"canonical":"https:\/\/checksgum.com\/es\/aviso-legal\/","og_locale":"es_ES","og_type":"article","og_title":"Aviso Legal - CHECK&#039;S","og_description":"Aviso Legal &nbsp; CHIC-KLES GUM, con CIF B98129158, titular de la p\u00e1gina web https:\/\/checksgum.com\/, inscrito en el Registro Mercantil de Valencia, al Tomo 9024, Libro 6309 Folio 101, Hoja V-133576,...","og_url":"https:\/\/checksgum.com\/es\/aviso-legal\/","og_site_name":"CHECK&#039;S","article_publisher":"https:\/\/www.facebook.com\/checksgum","article_modified_time":"2024-09-13T09:41:32+00:00","twitter_card":"summary_large_image","twitter_misc":{"Tiempo de lectura":"4 minutos"},"schema":{"@context":"https:\/\/schema.org","@graph":[{"@type":"WebPage","@id":"https:\/\/checksgum.com\/es\/aviso-legal\/","url":"https:\/\/checksgum.com\/es\/aviso-legal\/","name":"Aviso Legal - CHECK&#039;S","isPartOf":{"@id":"https:\/\/checksgum.com\/#website"},"datePublished":"2024-04-10T13:37:48+00:00","dateModified":"2024-09-13T09:41:32+00:00","breadcrumb":{"@id":"https:\/\/checksgum.com\/es\/aviso-legal\/#breadcrumb"},"inLanguage":"es","potentialAction":[{"@type":"ReadAction","target":["https:\/\/checksgum.com\/es\/aviso-legal\/"]}]},{"@type":"BreadcrumbList","@id":"https:\/\/checksgum.com\/es\/aviso-legal\/#breadcrumb","itemListElement":[{"@type":"ListItem","position":1,"name":"Home","item":"https:\/\/checksgum.com\/es\/"},{"@type":"ListItem","position":2,"name":"Aviso Legal"}]},{"@type":"WebSite","@id":"https:\/\/checksgum.com\/#website","url":"https:\/\/checksgum.com\/","name":"CHECK'S","description":"","publisher":{"@id":"https:\/\/checksgum.com\/#organization"},"potentialAction":[{"@type":"SearchAction","target":{"@type":"EntryPoint","urlTemplate":"https:\/\/checksgum.com\/?s={search_term_string}"},"query-input":{"@type":"PropertyValueSpecification","valueRequired":true,"valueName":"search_term_string"}}],"inLanguage":"es"},{"@type":"Organization","@id":"https:\/\/checksgum.com\/#organization","name":"CHECK'S","url":"https:\/\/checksgum.com\/","logo":{"@type":"ImageObject","inLanguage":"es","@id":"https:\/\/checksgum.com\/#\/schema\/logo\/image\/","url":"https:\/\/checksgum.com\/wp-content\/uploads\/2024\/04\/logo-checks.png","contentUrl":"https:\/\/checksgum.com\/wp-content\/uploads\/2024\/04\/logo-checks.png","width":350,"height":100,"caption":"CHECK'S"},"image":{"@id":"https:\/\/checksgum.com\/#\/schema\/logo\/image\/"},"sameAs":["https:\/\/www.facebook.com\/checksgum","https:\/\/www.youtube.com\/@ChecksGum","https:\/\/www.tiktok.com\/@checksgum","https:\/\/www.instagram.com\/checksgum\/"]}]}},"_links":{"self":[{"href":"https:\/\/checksgum.com\/es\/wp-json\/wp\/v2\/pages\/2514","targetHints":{"allow":["GET"]}}],"collection":[{"href":"https:\/\/checksgum.com\/es\/wp-json\/wp\/v2\/pages"}],"about":[{"href":"https:\/\/checksgum.com\/es\/wp-json\/wp\/v2\/types\/page"}],"author":[{"embeddable":true,"href":"https:\/\/checksgum.com\/es\/wp-json\/wp\/v2\/users\/5"}],"replies":[{"embeddable":true,"href":"https:\/\/checksgum.com\/es\/wp-json\/wp\/v2\/comments?post=2514"}],"version-history":[{"count":6,"href":"https:\/\/checksgum.com\/es\/wp-json\/wp\/v2\/pages\/2514\/revisions"}],"predecessor-version":[{"id":2692,"href":"https:\/\/checksgum.com\/es\/wp-json\/wp\/v2\/pages\/2514\/revisions\/2692"}],"wp:attachment":[{"href":"https:\/\/checksgum.com\/es\/wp-json\/wp\/v2\/media?parent=2514"}],"curies":[{"name":"wp","href":"https:\/\/api.w.org\/{rel}","templated":true}]}}