{"id":2570,"date":"2024-04-10T15:37:48","date_gmt":"2024-04-10T13:37:48","guid":{"rendered":"https:\/\/checksgum.com\/?page_id=2570"},"modified":"2024-09-13T11:42:00","modified_gmt":"2024-09-13T09:42:00","slug":"avis-juridique","status":"publish","type":"page","link":"https:\/\/checksgum.com\/fr\/avis-juridique\/","title":{"rendered":"Avis Juridique"},"content":{"rendered":"<h1 class=\"has-x-large-font-size\">Avis Juridique<\/h1>\n<p>&nbsp;<\/p>\n<p><span style=\"font-weight: 300;\">La Soci\u00e9t\u00e9 CHIC-KLES GUM, sous le num\u00e9ro d\u2019identification fiscale B98129158, propri\u00e9taire du site https:\/\/checksgum.com\/, inscrite au Registre du Commerce de Valencia, Espagne, au Volume 9024, Livre 6309 Folio 101, Feuille V-133576, Inscription 1 conform\u00e9ment aux dispositions de la Loi 34\/2002 du 11 juillet sur les Services de la Soci\u00e9t\u00e9 de l&rsquo;Information et du Commerce Electronique (LSSICE) et conform\u00e9ment aux dispositions de la r\u00e9glementation en vigueur sur la protection des donn\u00e9es personnelles, le r\u00e8glement (UE) 2016\/679 du 27 avril 2016 ( RGPD) et la Loi Organique sur la Protection des Donn\u00e9es 3\/2018 du 5 d\u00e9cembre (LOPDGDD),\u00a0 pr\u00e9sente ce qui suit :<\/span><\/p>\n<h3><strong>COORDONN\u00c9ES D&rsquo;IDENTIFICATION<\/strong><\/h3>\n<p><span style=\"font-weight: 400;\">Domicile fiscal :<\/span><span style=\"font-weight: 300;\"> Pol. Ind. el Oliveral, 6, 46394, Riba-Roja (Valencia) Espagne<\/span><\/p>\n<p><span style=\"font-weight: 400;\">T\u00e9l\u00e9phone de contact :<\/span><span style=\"font-weight: 300;\"> +34 961 9616679.<\/span><\/p>\n<p><span style=\"font-weight: 400;\">Courrier \u00e9lectronique :<\/span><span style=\"font-weight: 300;\"> info@chic-kles.com<\/span><\/p>\n<h3><strong>CONDITIONS ET UTILISATION DU SITE WEB<\/strong><\/h3>\n<p><span style=\"font-weight: 300;\">La prestation de \u00a0 services de la Soci\u00e9t\u00e9 CHIC-KLES GUM est gratuite pour tous les utilisateurs et utilisatrices.<\/span><\/p>\n<p><span style=\"font-weight: 300;\">De mani\u00e8re g\u00e9n\u00e9rale, la prestation des services ne n\u00e9cessite pas d&rsquo;abonnement ni d&rsquo;inscription pr\u00e9alable des utilisateurs et utilisatrices.<\/span><\/p>\n<p><span style=\"font-weight: 300;\">Dans les cas o\u00f9 la prestation de ladite Soci\u00e9t\u00e9 serait conditionn\u00e9e par la r\u00e9alisation pr\u00e9alable de l&rsquo;inscription correspondante de la part de l&rsquo;utilisateur(trice), celle-ci sera effectu\u00e9e de la mani\u00e8re express\u00e9ment indiqu\u00e9e dans la section m\u00eame de ce service.<\/span><\/p>\n<p><span style=\"font-weight: 300;\">L&rsquo;utilisateur(trice) garantit l&rsquo;authenticit\u00e9 et la v\u00e9racit\u00e9 des coordonn\u00e9es communiqu\u00e9es par le biais des formulaires de souscription aux services. Il lui appartiendra de tenir \u00e0 jour en permanence toutes les informations fournies afin qu&rsquo;elles r\u00e9pondent, \u00e0 tout moment, \u00e0 sa situation r\u00e9elle. Dans tous les cas, l&rsquo;utilisateur(trice) sera seul(e) responsable de fausses ou inexactes d\u00e9clarations, et de tous dommages que cela pourrait causer au prestataire ou \u00e0 des tiers.<\/span><\/p>\n<h3><strong>PROPRI\u00c9T\u00c9 INTELLECTUELLE ET INDUSTRIELLE<\/strong><\/h3>\n<p><span style=\"font-weight: 300;\">Les contenus de tout type inclus sur le site https:\/\/checksgum.com\/, y compris, seulement \u00e0 titre indicatif, les images, illustrations, photographies, textes, marques, logos ou dessins, sont la propri\u00e9t\u00e9 de CHIC-KLES GUM et\/ou d&rsquo;autres collaborateurs l\u00e9gitimes qui lui ont conc\u00e9d\u00e9 les droits d&rsquo;utilisation correspondants. Toute utilisation totale ou partielle du contenu du portail consistant en une reproduction, distribution, ou communication publique sous quelque forme et par quelque moyen que ce soit est strictement interdite, sauf autorisation sp\u00e9cifique et \u00e9crite de la part CHIC-KLES GUM.<\/span><\/p>\n<h3><strong>EXCLUSION DE GARANTIES ET DE RESPONSABILIT\u00c9\u00a0<\/strong><\/h3>\n<p><span style=\"font-weight: 300;\">La soci\u00e9t\u00e9 CHIC-KLES GUM n&rsquo;est pas responsable de la l\u00e9galit\u00e9 des autres sites Web de tiers \u00e0 partir desquels le portail est accessible, ni de celle des autres sites Web d\u2019autres tiers qui pourraient y \u00eatre li\u00e9s ou unis \u00e0 partir de ce portail.\u00a0<\/span><\/p>\n<p><span style=\"font-weight: 300;\">De la m\u00eame mani\u00e8re, elle n&rsquo;est pas responsable de l&rsquo;utilisation que des tiers peuvent faire des informations publi\u00e9es sur le portail, ni des dommages de quelque nature que ce soit qui pourraient survenir en raison de l&rsquo;utilisation de ces informations.<\/span><\/p>\n<p><span style=\"font-weight: 300;\">L&rsquo;entit\u00e9 se r\u00e9serve le droit de retirer tous commentaires et contributions qui pourraient porter atteinte au respect de la dignit\u00e9 de la personne, qu\u2019ils soient discriminatoires, x\u00e9nophobes, racistes, pornographiques, qui attaquent la jeunesse ou l&rsquo;enfance, l&rsquo;ordre ou la s\u00e9curit\u00e9 publique ou qui, \u00e0 son jugement, ne doivent pas \u00eatre publi\u00e9s. En aucun cas, elle ne sera consid\u00e9r\u00e9e responsable des opinions exprim\u00e9es par les usagers, que ce soit par le biais des forums, chats ou autres outils.<\/span><\/p>\n<p><span style=\"font-weight: 300;\">L&rsquo;utilisateur(trice) s&rsquo;engage \u00e0 faire un usage appropri\u00e9 des contenus et services que l&rsquo;entit\u00e9 propose \u00e0 travers son site Internet.\u00a0<\/span><\/p>\n<h3><strong>MODIFICATION DU CONTENU<\/strong><\/h3>\n<p><span style=\"font-weight: 300;\">La Soci\u00e9t\u00e9 CHIC-KLES GUM se r\u00e9serve le droit d&rsquo;apporter, sans aucun pr\u00e9avis, toutes modifications ou mises \u00e0 jour du portail qu\u2019elle juge n\u00e9cessaires.<\/span><\/p>\n<h3><strong>LIENS<\/strong><\/h3>\n<p><span style=\"font-weight: 300;\">Dans le cas o\u00f9 le portail contiendrait des liens ou des hyperliens vers d&rsquo;autres sites Internet, CHIC-KLES GUM n&rsquo;exercera aucun type de contr\u00f4le sur lesdits sites et contenus. CHIC-KLES GUM n&rsquo;assumera aucune responsabilit\u00e9 quant au contenu de tout lien appartenant \u00e0 un site Web tiers, ni ne garantira la disponibilit\u00e9 technique, qualit\u00e9, fiabilit\u00e9, exactitude, \u00e9tendue, v\u00e9racit\u00e9, validit\u00e9 et constitutionnalit\u00e9 de tout mat\u00e9riel ou information contenus dans aucun de ces hyperliens ou autres sites Internet.<\/span><\/p>\n<h3><strong>COOKIES<\/strong><\/h3>\n<p><span style=\"font-weight: 300;\">La Soci\u00e9t\u00e9 CHIC-KLES GUM utilisera des cookies pour le bon fonctionnement du site Internet. Si vous souhaitez plus d&rsquo;informations sur ce qu&rsquo;est un cookie, le type de cookies que le site Web utilise et dans quel but, acc\u00e9dez \u00e0 notre <a href=\"https:\/\/checksgum.com\/fr\/politique-des-cookies\/\">Politique en mati\u00e8re de cookies<\/a>.\u00a0<\/span><\/p>\n<h3><strong>PROTECTION DE DONN\u00c9ES<\/strong><\/h3>\n<p><span style=\"font-weight: 300;\">L&rsquo;entit\u00e9 est conforme aux dispositions de la loi organique 3\/2018 du 5 d\u00e9cembre sur la Protection des Donn\u00e9es Personnelles et la garantie des droits num\u00e9riques et du r\u00e8glement (UE) 2016\/679 du Parlement Europ\u00e9en et du Conseil du 27 avril 2016 et aux autres r\u00e9glementations en vigueur, li\u00e9es au traitement des donn\u00e9es personnelles de l&rsquo;usager. Pour en savoir plus sur la fa\u00e7on dont nous traitons vos donn\u00e9es personnelles, acc\u00e9dez \u00e0 notre <a href=\"https:\/\/checksgum.com\/fr\/politique-de-confidentialite\/\">Politique de Confidentialit\u00e9<\/a>.\u00a0<\/span><\/p>\n<h3><strong>PERSONNES MINEURS<\/strong><\/h3>\n<p><span style=\"font-weight: 300;\">Nous vous informons que le portail oriente ses services vers les personnes de plus de 18 ans.\u00a0<\/span><\/p>\n<p><span style=\"font-weight: 300;\">La responsabilit\u00e9 de d\u00e9terminer les contenus sp\u00e9cifiques auxquels acc\u00e8dent les mineurs incombe aux parents ou aux tuteurs l\u00e9gaux.\u00a0<\/span><\/p>\n<h3><strong>MODIFICATION DE CES CONDITIONS ET DUR\u00c9E<\/strong><\/h3>\n<p><span style=\"font-weight: 300;\">CHIC-KLES GUM peut modifier \u00e0 tout moment les conditions \u00e9nonc\u00e9es sur le site Internet.\u00a0<\/span><\/p>\n<p><span style=\"font-weight: 300;\">La validit\u00e9 des conditions susmentionn\u00e9es d\u00e9pendra de leur exposition et elles resteront en vigueur jusqu&rsquo;\u00e0 ce qu&rsquo;elles soient modifi\u00e9es par d&rsquo;autres.<\/span><\/p>\n<h3><strong>LOI APPLICABLE ET JURIDICTION<\/strong><\/h3>\n<p><span style=\"font-weight: 300;\">Pour la r\u00e9solution des controverses ou des probl\u00e8mes li\u00e9s \u00e0 ce site Web qui pourraient survenir entre l&rsquo;entit\u00e9 et l&rsquo;utilisateur(trice), c\u2019est la l\u00e9gislation Espagnole qui s&rsquo;appliquera et \u00e0 laquelle les parties se soumettront express\u00e9ment\u00a0; \u00e9tant comp\u00e9tents pour la r\u00e9solution de tout conflit d\u00e9coulant de ou li\u00e9s \u00e0 son utilisation, les Cours et Tribunaux de Valencia (Espagne).<\/span><\/p>\n","protected":false},"excerpt":{"rendered":"<p>Avis Juridique &nbsp; La Soci\u00e9t\u00e9 CHIC-KLES GUM, sous le num\u00e9ro d\u2019identification fiscale B98129158, propri\u00e9taire du site https:\/\/checksgum.com\/, inscrite au Registre du Commerce de Valencia, Espagne, au Volume 9024, Livre 6309&#8230;<\/p>\n","protected":false},"author":5,"featured_media":0,"parent":0,"menu_order":0,"comment_status":"closed","ping_status":"closed","template":"","meta":{"footnotes":""},"class_list":["post-2570","page","type-page","status-publish"],"yoast_head":"<!-- This site is optimized with the Yoast SEO plugin v27.4 - https:\/\/yoast.com\/product\/yoast-seo-wordpress\/ -->\n<title>Avis Juridique - CHECK&#039;S<\/title>\n<meta name=\"robots\" content=\"index, follow, max-snippet:-1, max-image-preview:large, max-video-preview:-1\" \/>\n<link rel=\"canonical\" href=\"https:\/\/checksgum.com\/fr\/avis-juridique\/\" \/>\n<meta property=\"og:locale\" content=\"fr_FR\" \/>\n<meta property=\"og:type\" content=\"article\" \/>\n<meta property=\"og:title\" content=\"Avis Juridique - CHECK&#039;S\" \/>\n<meta property=\"og:description\" content=\"Avis Juridique &nbsp; La Soci\u00e9t\u00e9 CHIC-KLES GUM, sous le num\u00e9ro d\u2019identification fiscale B98129158, propri\u00e9taire du site https:\/\/checksgum.com\/, inscrite au Registre du Commerce de Valencia, Espagne, au Volume 9024, Livre 6309...\" \/>\n<meta property=\"og:url\" content=\"https:\/\/checksgum.com\/fr\/avis-juridique\/\" \/>\n<meta property=\"og:site_name\" content=\"CHECK&#039;S\" \/>\n<meta property=\"article:publisher\" content=\"https:\/\/www.facebook.com\/checksgum\" \/>\n<meta property=\"article:modified_time\" content=\"2024-09-13T09:42:00+00:00\" \/>\n<meta name=\"twitter:card\" content=\"summary_large_image\" \/>\n<meta name=\"twitter:label1\" content=\"Dur\u00e9e de lecture estim\u00e9e\" \/>\n\t<meta name=\"twitter:data1\" content=\"4 minutes\" \/>\n<script type=\"application\/ld+json\" class=\"yoast-schema-graph\">{\"@context\":\"https:\\\/\\\/schema.org\",\"@graph\":[{\"@type\":\"WebPage\",\"@id\":\"https:\\\/\\\/checksgum.com\\\/fr\\\/avis-juridique\\\/\",\"url\":\"https:\\\/\\\/checksgum.com\\\/fr\\\/avis-juridique\\\/\",\"name\":\"Avis Juridique - CHECK&#039;S\",\"isPartOf\":{\"@id\":\"https:\\\/\\\/checksgum.com\\\/#website\"},\"datePublished\":\"2024-04-10T13:37:48+00:00\",\"dateModified\":\"2024-09-13T09:42:00+00:00\",\"breadcrumb\":{\"@id\":\"https:\\\/\\\/checksgum.com\\\/fr\\\/avis-juridique\\\/#breadcrumb\"},\"inLanguage\":\"fr-FR\",\"potentialAction\":[{\"@type\":\"ReadAction\",\"target\":[\"https:\\\/\\\/checksgum.com\\\/fr\\\/avis-juridique\\\/\"]}]},{\"@type\":\"BreadcrumbList\",\"@id\":\"https:\\\/\\\/checksgum.com\\\/fr\\\/avis-juridique\\\/#breadcrumb\",\"itemListElement\":[{\"@type\":\"ListItem\",\"position\":1,\"name\":\"Home\",\"item\":\"https:\\\/\\\/checksgum.com\\\/fr\\\/\"},{\"@type\":\"ListItem\",\"position\":2,\"name\":\"Avis Juridique\"}]},{\"@type\":\"WebSite\",\"@id\":\"https:\\\/\\\/checksgum.com\\\/#website\",\"url\":\"https:\\\/\\\/checksgum.com\\\/\",\"name\":\"CHECK'S\",\"description\":\"\",\"publisher\":{\"@id\":\"https:\\\/\\\/checksgum.com\\\/#organization\"},\"potentialAction\":[{\"@type\":\"SearchAction\",\"target\":{\"@type\":\"EntryPoint\",\"urlTemplate\":\"https:\\\/\\\/checksgum.com\\\/?s={search_term_string}\"},\"query-input\":{\"@type\":\"PropertyValueSpecification\",\"valueRequired\":true,\"valueName\":\"search_term_string\"}}],\"inLanguage\":\"fr-FR\"},{\"@type\":\"Organization\",\"@id\":\"https:\\\/\\\/checksgum.com\\\/#organization\",\"name\":\"CHECK'S\",\"url\":\"https:\\\/\\\/checksgum.com\\\/\",\"logo\":{\"@type\":\"ImageObject\",\"inLanguage\":\"fr-FR\",\"@id\":\"https:\\\/\\\/checksgum.com\\\/#\\\/schema\\\/logo\\\/image\\\/\",\"url\":\"https:\\\/\\\/checksgum.com\\\/wp-content\\\/uploads\\\/2024\\\/04\\\/logo-checks.png\",\"contentUrl\":\"https:\\\/\\\/checksgum.com\\\/wp-content\\\/uploads\\\/2024\\\/04\\\/logo-checks.png\",\"width\":350,\"height\":100,\"caption\":\"CHECK'S\"},\"image\":{\"@id\":\"https:\\\/\\\/checksgum.com\\\/#\\\/schema\\\/logo\\\/image\\\/\"},\"sameAs\":[\"https:\\\/\\\/www.facebook.com\\\/checksgum\",\"https:\\\/\\\/www.youtube.com\\\/@ChecksGum\",\"https:\\\/\\\/www.tiktok.com\\\/@checksgum\",\"https:\\\/\\\/www.instagram.com\\\/checksgum\\\/\"]}]}<\/script>\n<!-- \/ Yoast SEO plugin. -->","yoast_head_json":{"title":"Avis Juridique - CHECK&#039;S","robots":{"index":"index","follow":"follow","max-snippet":"max-snippet:-1","max-image-preview":"max-image-preview:large","max-video-preview":"max-video-preview:-1"},"canonical":"https:\/\/checksgum.com\/fr\/avis-juridique\/","og_locale":"fr_FR","og_type":"article","og_title":"Avis Juridique - CHECK&#039;S","og_description":"Avis Juridique &nbsp; La Soci\u00e9t\u00e9 CHIC-KLES GUM, sous le num\u00e9ro d\u2019identification fiscale B98129158, propri\u00e9taire du site https:\/\/checksgum.com\/, inscrite au Registre du Commerce de Valencia, Espagne, au Volume 9024, Livre 6309...","og_url":"https:\/\/checksgum.com\/fr\/avis-juridique\/","og_site_name":"CHECK&#039;S","article_publisher":"https:\/\/www.facebook.com\/checksgum","article_modified_time":"2024-09-13T09:42:00+00:00","twitter_card":"summary_large_image","twitter_misc":{"Dur\u00e9e de lecture estim\u00e9e":"4 minutes"},"schema":{"@context":"https:\/\/schema.org","@graph":[{"@type":"WebPage","@id":"https:\/\/checksgum.com\/fr\/avis-juridique\/","url":"https:\/\/checksgum.com\/fr\/avis-juridique\/","name":"Avis Juridique - CHECK&#039;S","isPartOf":{"@id":"https:\/\/checksgum.com\/#website"},"datePublished":"2024-04-10T13:37:48+00:00","dateModified":"2024-09-13T09:42:00+00:00","breadcrumb":{"@id":"https:\/\/checksgum.com\/fr\/avis-juridique\/#breadcrumb"},"inLanguage":"fr-FR","potentialAction":[{"@type":"ReadAction","target":["https:\/\/checksgum.com\/fr\/avis-juridique\/"]}]},{"@type":"BreadcrumbList","@id":"https:\/\/checksgum.com\/fr\/avis-juridique\/#breadcrumb","itemListElement":[{"@type":"ListItem","position":1,"name":"Home","item":"https:\/\/checksgum.com\/fr\/"},{"@type":"ListItem","position":2,"name":"Avis Juridique"}]},{"@type":"WebSite","@id":"https:\/\/checksgum.com\/#website","url":"https:\/\/checksgum.com\/","name":"CHECK'S","description":"","publisher":{"@id":"https:\/\/checksgum.com\/#organization"},"potentialAction":[{"@type":"SearchAction","target":{"@type":"EntryPoint","urlTemplate":"https:\/\/checksgum.com\/?s={search_term_string}"},"query-input":{"@type":"PropertyValueSpecification","valueRequired":true,"valueName":"search_term_string"}}],"inLanguage":"fr-FR"},{"@type":"Organization","@id":"https:\/\/checksgum.com\/#organization","name":"CHECK'S","url":"https:\/\/checksgum.com\/","logo":{"@type":"ImageObject","inLanguage":"fr-FR","@id":"https:\/\/checksgum.com\/#\/schema\/logo\/image\/","url":"https:\/\/checksgum.com\/wp-content\/uploads\/2024\/04\/logo-checks.png","contentUrl":"https:\/\/checksgum.com\/wp-content\/uploads\/2024\/04\/logo-checks.png","width":350,"height":100,"caption":"CHECK'S"},"image":{"@id":"https:\/\/checksgum.com\/#\/schema\/logo\/image\/"},"sameAs":["https:\/\/www.facebook.com\/checksgum","https:\/\/www.youtube.com\/@ChecksGum","https:\/\/www.tiktok.com\/@checksgum","https:\/\/www.instagram.com\/checksgum\/"]}]}},"_links":{"self":[{"href":"https:\/\/checksgum.com\/fr\/wp-json\/wp\/v2\/pages\/2570","targetHints":{"allow":["GET"]}}],"collection":[{"href":"https:\/\/checksgum.com\/fr\/wp-json\/wp\/v2\/pages"}],"about":[{"href":"https:\/\/checksgum.com\/fr\/wp-json\/wp\/v2\/types\/page"}],"author":[{"embeddable":true,"href":"https:\/\/checksgum.com\/fr\/wp-json\/wp\/v2\/users\/5"}],"replies":[{"embeddable":true,"href":"https:\/\/checksgum.com\/fr\/wp-json\/wp\/v2\/comments?post=2570"}],"version-history":[{"count":2,"href":"https:\/\/checksgum.com\/fr\/wp-json\/wp\/v2\/pages\/2570\/revisions"}],"predecessor-version":[{"id":2693,"href":"https:\/\/checksgum.com\/fr\/wp-json\/wp\/v2\/pages\/2570\/revisions\/2693"}],"wp:attachment":[{"href":"https:\/\/checksgum.com\/fr\/wp-json\/wp\/v2\/media?parent=2570"}],"curies":[{"name":"wp","href":"https:\/\/api.w.org\/{rel}","templated":true}]}}